{"id":2,"date":"2015-05-31T11:12:27","date_gmt":"2015-05-31T11:12:27","guid":{"rendered":"http:\/\/vzgojno-svetovanje.odskok.si\/blog\/?page_id=2"},"modified":"2015-08-08T16:58:50","modified_gmt":"2015-08-08T16:58:50","slug":"predstavitev","status":"publish","type":"page","link":"http:\/\/vzgojno-svetovanje.odskok.si\/blog\/index.php\/predstavitev\/","title":{"rendered":"Vzgojno svetovanje Odskok"},"content":{"rendered":"<p>Vzgojnice nastajajo ob otrocih, vzgojnem delu in svetovanju star\u0161em.<\/p>\n<p>Ve\u010d informacij o strokovni podpori pri vzgoji in odra\u0161\u010danju lahko najdete na: <a title=\"Vzgojno svetovanje Odskok\" href=\"http:\/\/vzgojno-svetovanje.odskok.si\" rel=\"nofollow\">Vzgojno svetovanje Odskok<\/a><\/p>\n","protected":false},"excerpt":{"rendered":"<p>Vzgojnice nastajajo ob otrocih, vzgojnem delu in svetovanju star\u0161em. Ve\u010d informacij o strokovni podpori pri vzgoji in odra\u0161\u010danju lahko najdete na: Vzgojno svetovanje Odskok<\/p>\n","protected":false},"author":1,"featured_media":0,"parent":0,"menu_order":0,"comment_status":"open","ping_status":"open","template":"","meta":[],"_links":{"self":[{"href":"http:\/\/vzgojno-svetovanje.odskok.si\/blog\/index.php\/wp-json\/wp\/v2\/pages\/2"}],"collection":[{"href":"http:\/\/vzgojno-svetovanje.odskok.si\/blog\/index.php\/wp-json\/wp\/v2\/pages"}],"about":[{"href":"http:\/\/vzgojno-svetovanje.odskok.si\/blog\/index.php\/wp-json\/wp\/v2\/types\/page"}],"author":[{"embeddable":true,"href":"http:\/\/vzgojno-svetovanje.odskok.si\/blog\/index.php\/wp-json\/wp\/v2\/users\/1"}],"replies":[{"embeddable":true,"href":"http:\/\/vzgojno-svetovanje.odskok.si\/blog\/index.php\/wp-json\/wp\/v2\/comments?post=2"}],"version-history":[{"count":9,"href":"http:\/\/vzgojno-svetovanje.odskok.si\/blog\/index.php\/wp-json\/wp\/v2\/pages\/2\/revisions"}],"predecessor-version":[{"id":26,"href":"http:\/\/vzgojno-svetovanje.odskok.si\/blog\/index.php\/wp-json\/wp\/v2\/pages\/2\/revisions\/26"}],"wp:attachment":[{"href":"http:\/\/vzgojno-svetovanje.odskok.si\/blog\/index.php\/wp-json\/wp\/v2\/media?parent=2"}],"curies":[{"name":"wp","href":"https:\/\/api.w.org\/{rel}","templated":true}]}}